{"id":50,"date":"2012-09-16T19:43:07","date_gmt":"2012-09-16T17:43:07","guid":{"rendered":"http:\/\/jaegger69.bplaced.net\/wordpress\/?page_id=50"},"modified":"2013-06-23T20:46:48","modified_gmt":"2013-06-23T19:46:48","slug":"buchhandel","status":"publish","type":"page","link":"https:\/\/www.laewen.info\/?page_id=50","title":{"rendered":"Buchhandel"},"content":{"rendered":"<p>Seit dem Jahre 1990 betreuen wir Warenwirtschaftsl\u00f6sungen im Buchhandel hierbei &#8222;Servicen&#8220; wir vom einfachen 2 Platz System ( Kasse &#8211; Lager ) bis zum komplexen 100 User System mit mehreren Servern.<\/p>\n<p>Au\u00dferdem bieten wir Ihnen\u00a0eine Filialanbindung mit Hilfe der\u00a0Microsoft Windows Terminalservices an.<\/p>\n<p>Den gr\u00f6\u00dften Wert legen wir hierbei auf eine sorgf\u00e4ltige Planung und Installation des IT-Systems, um eine dauerhafte und st\u00f6rungsfreie Funktion zu gew\u00e4hrleisten.<\/p>\n","protected":false},"excerpt":{"rendered":"<p>Seit dem Jahre 1990 betreuen wir Warenwirtschaftsl\u00f6sungen im Buchhandel hierbei &#8222;Servicen&#8220; wir vom einfachen 2 Platz System ( Kasse &#8211; Lager ) bis zum komplexen 100 User System mit mehreren Servern. Au\u00dferdem bieten wir Ihnen\u00a0eine Filialanbindung mit Hilfe der\u00a0Microsoft Windows &hellip; <a href=\"https:\/\/www.laewen.info\/?page_id=50\">Weiterlesen <span class=\"meta-nav\">&rarr;<\/span><\/a><\/p>\n","protected":false},"author":1,"featured_media":0,"parent":0,"menu_order":20,"comment_status":"closed","ping_status":"closed","template":"onecolumn-page.php","meta":{"footnotes":""},"class_list":["post-50","page","type-page","status-publish","hentry"],"_links":{"self":[{"href":"https:\/\/www.laewen.info\/index.php?rest_route=\/wp\/v2\/pages\/50"}],"collection":[{"href":"https:\/\/www.laewen.info\/index.php?rest_route=\/wp\/v2\/pages"}],"about":[{"href":"https:\/\/www.laewen.info\/index.php?rest_route=\/wp\/v2\/types\/page"}],"author":[{"embeddable":true,"href":"https:\/\/www.laewen.info\/index.php?rest_route=\/wp\/v2\/users\/1"}],"replies":[{"embeddable":true,"href":"https:\/\/www.laewen.info\/index.php?rest_route=%2Fwp%2Fv2%2Fcomments&post=50"}],"version-history":[{"count":1,"href":"https:\/\/www.laewen.info\/index.php?rest_route=\/wp\/v2\/pages\/50\/revisions"}],"predecessor-version":[{"id":244,"href":"https:\/\/www.laewen.info\/index.php?rest_route=\/wp\/v2\/pages\/50\/revisions\/244"}],"wp:attachment":[{"href":"https:\/\/www.laewen.info\/index.php?rest_route=%2Fwp%2Fv2%2Fmedia&parent=50"}],"curies":[{"name":"wp","href":"https:\/\/api.w.org\/{rel}","templated":true}]}}