{"id":60,"date":"2012-09-16T19:48:06","date_gmt":"2012-09-16T17:48:06","guid":{"rendered":"http:\/\/jaegger69.bplaced.net\/wordpress\/?page_id=60"},"modified":"2013-06-23T20:50:43","modified_gmt":"2013-06-23T19:50:43","slug":"impressum","status":"publish","type":"page","link":"https:\/\/www.laewen.info\/?page_id=60","title":{"rendered":"Impressum"},"content":{"rendered":"<p>Laewen Computersysteme GmbH<br \/>\nAlte Landstra\u00dfe 1<br \/>\n97218 Gerbrunn<\/p>\n<p>Telefon: 0931-2995277<br \/>\nTelefax: 0931-2995279<br \/>\nE-Mail: info@laewen.de<\/p>\n<p>Amtsgericht W\u00fcrzburg HRB Nr. 4547<\/p>\n<p>USt-Id-Nr.: DE229418716<\/p>\n<p>Inhaltlich Verantwortlicher gem\u00e4\u00df \u00a7 10 Absatz 3 des Medienstaatsvertrages (MDStV) f\u00fcr den Inhalt dieser Webpr\u00e4senz:<br \/>\nLaewen Computersysteme GmbH,<\/p>\n<p>Dipl. Ing.\u00a0 J\u00fcrgen Laewen (Gesch\u00e4ftsf\u00fchrer)<\/p>\n","protected":false},"excerpt":{"rendered":"<p>Laewen Computersysteme GmbH Alte Landstra\u00dfe 1 97218 Gerbrunn Telefon: 0931-2995277 Telefax: 0931-2995279 E-Mail: info@laewen.de Amtsgericht W\u00fcrzburg HRB Nr. 4547 USt-Id-Nr.: DE229418716 Inhaltlich Verantwortlicher gem\u00e4\u00df \u00a7 10 Absatz 3 des Medienstaatsvertrages (MDStV) f\u00fcr den Inhalt dieser Webpr\u00e4senz: Laewen Computersysteme GmbH, Dipl. &hellip; <a href=\"https:\/\/www.laewen.info\/?page_id=60\">Weiterlesen <span class=\"meta-nav\">&rarr;<\/span><\/a><\/p>\n","protected":false},"author":1,"featured_media":0,"parent":0,"menu_order":90,"comment_status":"closed","ping_status":"closed","template":"onecolumn-page.php","meta":{"footnotes":""},"class_list":["post-60","page","type-page","status-publish","hentry"],"_links":{"self":[{"href":"https:\/\/www.laewen.info\/index.php?rest_route=\/wp\/v2\/pages\/60"}],"collection":[{"href":"https:\/\/www.laewen.info\/index.php?rest_route=\/wp\/v2\/pages"}],"about":[{"href":"https:\/\/www.laewen.info\/index.php?rest_route=\/wp\/v2\/types\/page"}],"author":[{"embeddable":true,"href":"https:\/\/www.laewen.info\/index.php?rest_route=\/wp\/v2\/users\/1"}],"replies":[{"embeddable":true,"href":"https:\/\/www.laewen.info\/index.php?rest_route=%2Fwp%2Fv2%2Fcomments&post=60"}],"version-history":[{"count":5,"href":"https:\/\/www.laewen.info\/index.php?rest_route=\/wp\/v2\/pages\/60\/revisions"}],"predecessor-version":[{"id":249,"href":"https:\/\/www.laewen.info\/index.php?rest_route=\/wp\/v2\/pages\/60\/revisions\/249"}],"wp:attachment":[{"href":"https:\/\/www.laewen.info\/index.php?rest_route=%2Fwp%2Fv2%2Fmedia&parent=60"}],"curies":[{"name":"wp","href":"https:\/\/api.w.org\/{rel}","templated":true}]}}