{"id":65,"date":"2012-09-16T21:07:47","date_gmt":"2012-09-16T19:07:47","guid":{"rendered":"http:\/\/jaegger69.bplaced.net\/wordpress\/?page_id=65"},"modified":"2024-09-25T13:56:17","modified_gmt":"2024-09-25T12:56:17","slug":"home-2","status":"publish","type":"page","link":"https:\/\/www.laewen.info\/","title":{"rendered":"Home"},"content":{"rendered":"<p>Herzlich willkommen auf der Homepage der LAEWEN Computersysteme GmbH.<\/p>\n<p>Wir sind seit 25 Jahren Ihr kompetenter und zuverl\u00e4ssiger Partner im Bereich Computersysteme, Netzwerke, Server und IT- L\u00f6sungen.<\/p>\n<p>Bei uns erhalten Sie von der Tastatur \u00fcber Bildschirme bis hin zum Server-Schrank alles, was Sie f\u00fcr eine stabile IT-Infrastruktur ben\u00f6tigen.<\/p>\n<p>Als beratender Hardwarepartner bei der Vernetzung stehen wir Ihnen selbstverst\u00e4ndlich jederzeit zur Verf\u00fcgung, egal ob es sich hierbei um Microsoft Server, Linux,\u00a0 Citrix-Hypervisor oder XCP-NG Hypervisor zur Virtualisierung handelt.<\/p>\n<p>Nehmen Sie unverbindlich Kontakt auf, wir beraten Sie gerne und kompetent bei Ihrer Aufgabenstellung.<\/p>\n","protected":false},"excerpt":{"rendered":"<p>Herzlich willkommen auf der Homepage der LAEWEN Computersysteme GmbH. Wir sind seit 25 Jahren Ihr kompetenter und zuverl\u00e4ssiger Partner im Bereich Computersysteme, Netzwerke, Server und IT- L\u00f6sungen. Bei uns erhalten Sie von der Tastatur \u00fcber Bildschirme bis hin zum Server-Schrank &hellip; <a href=\"https:\/\/www.laewen.info\/\">Weiterlesen <span class=\"meta-nav\">&rarr;<\/span><\/a><\/p>\n","protected":false},"author":1,"featured_media":0,"parent":0,"menu_order":10,"comment_status":"closed","ping_status":"closed","template":"onecolumn-page.php","meta":{"footnotes":""},"class_list":["post-65","page","type-page","status-publish","hentry"],"_links":{"self":[{"href":"https:\/\/www.laewen.info\/index.php?rest_route=\/wp\/v2\/pages\/65"}],"collection":[{"href":"https:\/\/www.laewen.info\/index.php?rest_route=\/wp\/v2\/pages"}],"about":[{"href":"https:\/\/www.laewen.info\/index.php?rest_route=\/wp\/v2\/types\/page"}],"author":[{"embeddable":true,"href":"https:\/\/www.laewen.info\/index.php?rest_route=\/wp\/v2\/users\/1"}],"replies":[{"embeddable":true,"href":"https:\/\/www.laewen.info\/index.php?rest_route=%2Fwp%2Fv2%2Fcomments&post=65"}],"version-history":[{"count":8,"href":"https:\/\/www.laewen.info\/index.php?rest_route=\/wp\/v2\/pages\/65\/revisions"}],"predecessor-version":[{"id":367,"href":"https:\/\/www.laewen.info\/index.php?rest_route=\/wp\/v2\/pages\/65\/revisions\/367"}],"wp:attachment":[{"href":"https:\/\/www.laewen.info\/index.php?rest_route=%2Fwp%2Fv2%2Fmedia&parent=65"}],"curies":[{"name":"wp","href":"https:\/\/api.w.org\/{rel}","templated":true}]}}